{"id":136,"date":"2013-04-03T20:58:59","date_gmt":"2013-04-03T18:58:59","guid":{"rendered":"http:\/\/zombieroom.de\/?page_id=136"},"modified":"2013-04-04T10:39:35","modified_gmt":"2013-04-04T08:39:35","slug":"was-kunstler-meinen","status":"publish","type":"page","link":"https:\/\/zombieroom.de\/?page_id=136","title":{"rendered":"Was K\u00fcnstler meinen"},"content":{"rendered":"<p>&#8222;I love the way Imaginary War has ride the industrial side of Moved Hills and pushed up to the limits. And further!&#8220;<br \/>\nGr\u00e9goire  Thot<\/p>\n<p>&#8222;Entspannte Atmosph\u00e4re und trotz lockerer Arbeit immer das Ergebnis im Blick. Kreativit\u00e4t und feinste Hardware. Kurzum alles, was eine Produktion im Zombie Room von anderen Produktionen abhebt!&#8220;<br \/>\nRigna Folk<\/p>\n<p>&#8222;Joki Schaller&#8230;das lang gesuchte Puzzlest\u00fcck im Kreativprozess!&#8220;<br \/>\nFrede Ferber<\/p>\n<p>&#8222;Er schaffte den Drahtseilakt zwischen Live- und Studiosound, und gab der Platte somit das, was unsere Produktion brauchte.&#8220;<br \/>\nDead End Guys<\/p>\n<p>&#8222;Engagiert, f\u00e4hig und einfach daran glauben&#8220;<br \/>\nSimon R.<\/p>\n<p>&#8222;Mit Liebe zum Detail und gro\u00dfem musikalischen Gesp\u00fcr holt er 110% aus dir raus. Und aus sich!&#8220;<br \/>\nDead Sea<\/p>\n","protected":false},"excerpt":{"rendered":"<p>&#8222;I love the way Imaginary War has ride the industrial side of Moved Hills and pushed up to the limits. And further!&#8220; Gr\u00e9goire Thot &#8222;Entspannte Atmosph\u00e4re und trotz lockerer Arbeit immer das Ergebnis im Blick. Kreativit\u00e4t und feinste Hardware. Kurzum &hellip; <a href=\"https:\/\/zombieroom.de\/?page_id=136\">Weiterlesen <span class=\"meta-nav\">&rarr;<\/span><\/a><\/p>\n","protected":false},"author":2,"featured_media":0,"parent":0,"menu_order":0,"comment_status":"closed","ping_status":"closed","template":"","meta":{"footnotes":""},"class_list":["post-136","page","type-page","status-publish","hentry"],"_links":{"self":[{"href":"https:\/\/zombieroom.de\/index.php?rest_route=\/wp\/v2\/pages\/136","targetHints":{"allow":["GET"]}}],"collection":[{"href":"https:\/\/zombieroom.de\/index.php?rest_route=\/wp\/v2\/pages"}],"about":[{"href":"https:\/\/zombieroom.de\/index.php?rest_route=\/wp\/v2\/types\/page"}],"author":[{"embeddable":true,"href":"https:\/\/zombieroom.de\/index.php?rest_route=\/wp\/v2\/users\/2"}],"replies":[{"embeddable":true,"href":"https:\/\/zombieroom.de\/index.php?rest_route=%2Fwp%2Fv2%2Fcomments&post=136"}],"version-history":[{"count":6,"href":"https:\/\/zombieroom.de\/index.php?rest_route=\/wp\/v2\/pages\/136\/revisions"}],"predecessor-version":[{"id":143,"href":"https:\/\/zombieroom.de\/index.php?rest_route=\/wp\/v2\/pages\/136\/revisions\/143"}],"wp:attachment":[{"href":"https:\/\/zombieroom.de\/index.php?rest_route=%2Fwp%2Fv2%2Fmedia&parent=136"}],"curies":[{"name":"wp","href":"https:\/\/api.w.org\/{rel}","templated":true}]}}