{"id":203,"date":"2016-12-11T16:07:58","date_gmt":"2016-12-11T14:07:58","guid":{"rendered":"http:\/\/zombieroom.de\/?page_id=203"},"modified":"2016-12-24T17:20:09","modified_gmt":"2016-12-24T15:20:09","slug":"203-2","status":"publish","type":"page","link":"https:\/\/zombieroom.de\/?page_id=203","title":{"rendered":"Buch"},"content":{"rendered":"<p>Ich habe ein Buch geschrieben. Und dann noch eins. Das erste hat Rechtschreibfehler und das zweite sicherlich auch. Das erste Buch habe ich verschenkt und das zweite auch. Nun habe ich das erste nachbestellt und das zweite auch. Beide k\u00f6nnen bei mir erworben werden.<\/p>\n<p>In beiden B\u00fcchern findet der kritische Leser teils lustige, teils nicht lustige, aber stets unabh\u00e4ngige Kurzgeschichten \u00fcber Imbissbuden, Superm\u00e4rkte, Spielpl\u00e4tze, Zugfahrten, Hotels, Baum\u00e4rkte, Filme, Autos und Hochzeiten, deren Wahrheitsgehalt er frei w\u00e4hlen darf, sowie eine zusammenh\u00e4ngende Geschichte \u00fcber einen Typen und eine Frau, wovon 3 Kapitel im ersten und 3 im zweiten Buch zu finden sind.<\/p>\n<table border=\"0\">\n<tbody>\n<tr>\n<td><img loading=\"lazy\" decoding=\"async\" alt=\"\" src=\"https:\/\/zombieroom.de\/wp-content\/uploads\/buch1.jpg\" width=\"407\" height=\"578\" \/><\/td>\n<td><img loading=\"lazy\" decoding=\"async\" alt=\"\" src=\"https:\/\/zombieroom.de\/wp-content\/uploads\/buch2.jpg\" width=\"407\" height=\"578\" \/><\/td>\n<\/tr>\n<tr>\n<td>Schwarzwei\u00df, Erscheinungsjahr 2015<\/td>\n<td>Mittedrei\u00dfig, Erscheinungsjahr 2016<\/td>\n<\/tr>\n<tr>\n<td>Taschenbuch, 88 Seiten, Softcover<\/td>\n<td>Taschenbuch, 117 Seiten, Softcover<\/td>\n<\/tr>\n<tr>\n<td><a href=\"https:\/\/zombieroom.de\/wp-content\/uploads\/buch1ausschnitt.pdf\" target=\"_blank\">Leseprobe<\/a><\/td>\n<td><a href=\"https:\/\/zombieroom.de\/wp-content\/uploads\/buch2ausschnitt.pdf\" target=\"_blank\">Leseprobe<\/a><\/td>\n<\/tr>\n<tr>\n<td>Preis: \u20ac 10,-<\/td>\n<td>Preis: \u20ac 12,-<\/td>\n<\/tr>\n<tr>\n<td><\/td>\n<td><\/td>\n<\/tr>\n<\/tbody>\n<\/table>\n<p>F\u00fcr Bestellungen schreibe bitte an:<br \/>\nJoki Schaller<br \/>\nstudio @ zombieroom . de (ohne Leerzeichen)<\/p>\n","protected":false},"excerpt":{"rendered":"<p>Ich habe ein Buch geschrieben. Und dann noch eins. Das erste hat Rechtschreibfehler und das zweite sicherlich auch. Das erste Buch habe ich verschenkt und das zweite auch. Nun habe ich das erste nachbestellt und das zweite auch. Beide k\u00f6nnen &hellip; <a href=\"https:\/\/zombieroom.de\/?page_id=203\">Weiterlesen <span class=\"meta-nav\">&rarr;<\/span><\/a><\/p>\n","protected":false},"author":2,"featured_media":0,"parent":0,"menu_order":0,"comment_status":"closed","ping_status":"closed","template":"","meta":{"footnotes":""},"class_list":["post-203","page","type-page","status-publish","hentry"],"_links":{"self":[{"href":"https:\/\/zombieroom.de\/index.php?rest_route=\/wp\/v2\/pages\/203","targetHints":{"allow":["GET"]}}],"collection":[{"href":"https:\/\/zombieroom.de\/index.php?rest_route=\/wp\/v2\/pages"}],"about":[{"href":"https:\/\/zombieroom.de\/index.php?rest_route=\/wp\/v2\/types\/page"}],"author":[{"embeddable":true,"href":"https:\/\/zombieroom.de\/index.php?rest_route=\/wp\/v2\/users\/2"}],"replies":[{"embeddable":true,"href":"https:\/\/zombieroom.de\/index.php?rest_route=%2Fwp%2Fv2%2Fcomments&post=203"}],"version-history":[{"count":10,"href":"https:\/\/zombieroom.de\/index.php?rest_route=\/wp\/v2\/pages\/203\/revisions"}],"predecessor-version":[{"id":221,"href":"https:\/\/zombieroom.de\/index.php?rest_route=\/wp\/v2\/pages\/203\/revisions\/221"}],"wp:attachment":[{"href":"https:\/\/zombieroom.de\/index.php?rest_route=%2Fwp%2Fv2%2Fmedia&parent=203"}],"curies":[{"name":"wp","href":"https:\/\/api.w.org\/{rel}","templated":true}]}}