{"id":35,"date":"2013-03-17T22:51:16","date_gmt":"2013-03-17T20:51:16","guid":{"rendered":"http:\/\/zombieroom.de\/?page_id=35"},"modified":"2016-09-25T11:19:47","modified_gmt":"2016-09-25T09:19:47","slug":"about","status":"publish","type":"page","link":"https:\/\/zombieroom.de\/?page_id=35","title":{"rendered":"About"},"content":{"rendered":"<p>Gegr\u00fcndet vor Jahren als Projektstudio hat sich der Zombie Room als die Suite f\u00fcr das Besondere etabliert. Der K\u00fcnstler und seine Musik verlassen den Zombie Room besser, als sie reingekommen sind.<\/p>\n<p>Joki Schaller ist Produzent, Songwriter und S\u00e4nger der Band \u201eImaginary War\u201c.<br \/>\nEr ist neben weiteren Bands als Remixer und Sounddesigner gebucht.<\/p>\n<p>Band Projekte:<\/p>\n<p>Imaginary war (S\u00e4nger, Songwriter, Produzent)<br \/>\nSaphena (Gitarrist und Produzent)<br \/>\nSemtex (S\u00e4nger, Gitarrist &amp; Songwriter von \u201999 \u2013 \u201909)<\/p>\n<p>Studios:<\/p>\n<p>Red Studio Pfaffenhofen<br \/>\nSchaltraum Ulm<br \/>\nWerkall Studio Ulm<br \/>\nTonbrauerei Berlin<\/p>\n","protected":false},"excerpt":{"rendered":"<p>Gegr\u00fcndet vor Jahren als Projektstudio hat sich der Zombie Room als die Suite f\u00fcr das Besondere etabliert. Der K\u00fcnstler und seine Musik verlassen den Zombie Room besser, als sie reingekommen sind. Joki Schaller ist Produzent, Songwriter und S\u00e4nger der Band &hellip; <a href=\"https:\/\/zombieroom.de\/?page_id=35\">Weiterlesen <span class=\"meta-nav\">&rarr;<\/span><\/a><\/p>\n","protected":false},"author":2,"featured_media":0,"parent":0,"menu_order":0,"comment_status":"closed","ping_status":"closed","template":"","meta":{"footnotes":""},"class_list":["post-35","page","type-page","status-publish","hentry"],"_links":{"self":[{"href":"https:\/\/zombieroom.de\/index.php?rest_route=\/wp\/v2\/pages\/35","targetHints":{"allow":["GET"]}}],"collection":[{"href":"https:\/\/zombieroom.de\/index.php?rest_route=\/wp\/v2\/pages"}],"about":[{"href":"https:\/\/zombieroom.de\/index.php?rest_route=\/wp\/v2\/types\/page"}],"author":[{"embeddable":true,"href":"https:\/\/zombieroom.de\/index.php?rest_route=\/wp\/v2\/users\/2"}],"replies":[{"embeddable":true,"href":"https:\/\/zombieroom.de\/index.php?rest_route=%2Fwp%2Fv2%2Fcomments&post=35"}],"version-history":[{"count":8,"href":"https:\/\/zombieroom.de\/index.php?rest_route=\/wp\/v2\/pages\/35\/revisions"}],"predecessor-version":[{"id":196,"href":"https:\/\/zombieroom.de\/index.php?rest_route=\/wp\/v2\/pages\/35\/revisions\/196"}],"wp:attachment":[{"href":"https:\/\/zombieroom.de\/index.php?rest_route=%2Fwp%2Fv2%2Fmedia&parent=35"}],"curies":[{"name":"wp","href":"https:\/\/api.w.org\/{rel}","templated":true}]}}